{"id":4791,"date":"2018-08-21T12:39:33","date_gmt":"2018-08-21T11:39:33","guid":{"rendered":"https:\/\/lamate.ch\/?post_type=product&#038;p=4791"},"modified":"2026-01-07T11:12:50","modified_gmt":"2026-01-07T10:12:50","slug":"corso-su-banana","status":"publish","type":"product","link":"https:\/\/lamate.ch\/wp\/prodotto\/corso-su-banana\/","title":{"rendered":"Corso su Banana"},"content":{"rendered":"","protected":false},"excerpt":{"rendered":"<h4>Comprende<\/h4>\n<p><strong>4 ore di lezioni individuali<\/strong>, suddivise in 2 sessioni da 2 ore, nella nostra sede a Bellinzona oppure online. A disposizione tutti i giorni tra le 09:00 e le 21:00.<\/p>\n<h4>Descrizione del corso<\/h4>\n<p>Impariamo ad utilizzare il programma Banana. La contabilit\u00e0 dell\u2019azienda, dell\u2019associazione o privata non sar\u00e0 pi\u00f9 un problema. Contabilit\u00e0 semplice o partita doppia.Magazzino, resoconti Clienti, IVA e multimoneta.<\/p>\n<h4>Cosa imparer\u00f2?<\/h4>\n<ul>\n<li>Bilancio e Conto economico<\/li>\n<li>Preventivi e Budget.<\/li>\n<li>Registrazioni semplici<\/li>\n<li>Registrazioni avanzate, ricorrenti.<\/li>\n<li>Registrazione con\/senza IVA, automatiche\/manuali. Rendiconti IVA.<\/li>\n<li>Fatture, aperte\/pagate. Scheda cliente.<\/li>\n<li>Report completi\/parziali.<\/li>\n<li>Chiusura dell&#8217;anno corrente, creazione Nuovo anno.<\/li>\n<li>e molto altro ancora.<\/li>\n<\/ul>\n","protected":false},"featured_media":5949,"template":"","meta":[],"product_brand":[],"product_cat":[130,129],"product_tag":[],"class_list":{"0":"post-4791","1":"product","2":"type-product","3":"status-publish","4":"has-post-thumbnail","6":"product_cat-contabilita","7":"product_cat-corsi-per-adulti","9":"first","10":"instock","11":"virtual","12":"purchasable","13":"product-type-simple"},"_links":{"self":[{"href":"https:\/\/lamate.ch\/wp\/wp-json\/wp\/v2\/product\/4791","targetHints":{"allow":["GET"]}}],"collection":[{"href":"https:\/\/lamate.ch\/wp\/wp-json\/wp\/v2\/product"}],"about":[{"href":"https:\/\/lamate.ch\/wp\/wp-json\/wp\/v2\/types\/product"}],"wp:featuredmedia":[{"embeddable":true,"href":"https:\/\/lamate.ch\/wp\/wp-json\/wp\/v2\/media\/5949"}],"wp:attachment":[{"href":"https:\/\/lamate.ch\/wp\/wp-json\/wp\/v2\/media?parent=4791"}],"wp:term":[{"taxonomy":"product_brand","embeddable":true,"href":"https:\/\/lamate.ch\/wp\/wp-json\/wp\/v2\/product_brand?post=4791"},{"taxonomy":"product_cat","embeddable":true,"href":"https:\/\/lamate.ch\/wp\/wp-json\/wp\/v2\/product_cat?post=4791"},{"taxonomy":"product_tag","embeddable":true,"href":"https:\/\/lamate.ch\/wp\/wp-json\/wp\/v2\/product_tag?post=4791"}],"curies":[{"name":"wp","href":"https:\/\/api.w.org\/{rel}","templated":true}]}}